{"id":7697,"date":"2021-06-02T11:08:00","date_gmt":"2021-06-02T11:08:00","guid":{"rendered":"https:\/\/power-water.pt\/?page_id=7697"},"modified":"2021-06-02T11:08:59","modified_gmt":"2021-06-02T11:08:59","slug":"resolucao-de-conflitos-de-consumo","status":"publish","type":"page","link":"https:\/\/sotecnisol-power.pt\/index.php\/resolucao-de-conflitos-de-consumo\/","title":{"rendered":"Resolu\u00e7\u00e3o de Conflitos de Consumo"},"content":{"rendered":"\t\t<div data-elementor-type=\"wp-page\" data-elementor-id=\"7697\" class=\"elementor elementor-7697\" data-elementor-post-type=\"page\">\n\t\t\t\t\t\t<section class=\"elementor-section elementor-top-section elementor-element elementor-element-30a38a6 elementor-section-boxed elementor-section-height-default elementor-section-height-default\" data-id=\"30a38a6\" data-element_type=\"section\" data-e-type=\"section\">\n\t\t\t\t\t\t<div class=\"elementor-container elementor-column-gap-default\">\n\t\t\t\t\t<div class=\"elementor-column elementor-col-100 elementor-top-column elementor-element elementor-element-0617912\" data-id=\"0617912\" data-element_type=\"column\" data-e-type=\"column\">\n\t\t\t<div class=\"elementor-widget-wrap elementor-element-populated\">\n\t\t\t\t\t\t<div class=\"elementor-element elementor-element-0091f46 elementor-widget elementor-widget-text-editor\" data-id=\"0091f46\" data-element_type=\"widget\" data-e-type=\"widget\" data-widget_type=\"text-editor.default\">\n\t\t\t\t<div class=\"elementor-widget-container\">\n\t\t\t\t\t\t\t\t\t<p>Nos termos previstos na Lei n.\u00ba 144\/2015, de 8 de setembro, informa-se que, em caso de lit\u00edgio relativamente ao fornecimento de bens, o consumidor (pessoa singular quando atue com fins que n\u00e3o se incluam no \u00e2mbito da sua actividade comercial, industrial, artesanal ou profissional) pode recorrer a uma Entidade de Resolu\u00e7\u00e3o Alternativa de Lit\u00edgios de consumo. A entidade competente para o efeito, ser\u00e1 a seguinte: Centro de Arbitragem de Conflitos de Consumo de Lisboa \u2013\u00a0<a tabindex=\"-1\" title=\"http:\/\/www.centroarbitragemlisboa.pt\/\" href=\"http:\/\/www.centroarbitragemlisboa.pt\/\" target=\"_blank\" rel=\"noreferrer noopener\">www.centroarbitragemlisboa.pt<\/a><\/p><p>Para mais informa\u00e7\u00f5es consulte o Portal do Consumidor\u00a0<a tabindex=\"-1\" title=\"http:\/\/www.consumidor.pt\/\" href=\"http:\/\/www.consumidor.pt\/\" target=\"_blank\" rel=\"noreferrer noopener\">(www.consumidor.pt<\/a>) e\/ou a Plataforma Europeia de Resolu\u00e7\u00e3o de Lit\u00edgios \u2013\u00a0<a tabindex=\"-1\" title=\"http:\/\/ec.europa.eu\/consumer\/odr\" href=\"http:\/\/ec.europa.eu\/consumer\/odr\" target=\"_blank\" rel=\"noreferrer noopener\">http:\/\/ec.europa.eu\/consumer\/odr<\/a><\/p>\t\t\t\t\t\t\t\t<\/div>\n\t\t\t\t<\/div>\n\t\t\t\t\t<\/div>\n\t\t<\/div>\n\t\t\t\t\t<\/div>\n\t\t<\/section>\n\t\t\t\t<\/div>\n\t\t","protected":false},"excerpt":{"rendered":"<p>Nos termos previstos na Lei n.\u00ba 144\/2015, de 8 de setembro, informa-se que, em caso de lit\u00edgio relativamente ao fornecimento de bens, o consumidor (pessoa singular quando atue com fins que n\u00e3o se incluam no \u00e2mbito da sua actividade comercial, industrial, artesanal ou profissional) pode recorrer a uma Entidade de Resolu\u00e7\u00e3o Alternativa de Lit\u00edgios de [&hellip;]<\/p>\n","protected":false},"author":3,"featured_media":0,"parent":0,"menu_order":0,"comment_status":"closed","ping_status":"closed","template":"","meta":{"_seopress_robots_primary_cat":"","_seopress_titles_title":"","_seopress_titles_desc":"","_seopress_robots_index":"","_monsterinsights_skip_tracking":false,"_monsterinsights_sitenote_active":false,"_monsterinsights_sitenote_note":"","_monsterinsights_sitenote_category":0,"site-sidebar-layout":"no-sidebar","site-content-layout":"page-builder","ast-site-content-layout":"default","site-content-style":"default","site-sidebar-style":"default","ast-global-header-display":"","ast-banner-title-visibility":"","ast-main-header-display":"disabled","ast-hfb-above-header-display":"","ast-hfb-below-header-display":"","ast-hfb-mobile-header-display":"disabled","site-post-title":"disabled","ast-breadcrumbs-content":"disabled","ast-featured-img":"disabled","footer-sml-layout":"","ast-disable-related-posts":"","theme-transparent-header-meta":"default","adv-header-id-meta":"","stick-header-meta":"","header-above-stick-meta":"","header-main-stick-meta":"","header-below-stick-meta":"","astra-migrate-meta-layouts":"default","ast-page-background-enabled":"default","ast-page-background-meta":{"desktop":{"background-color":"","background-image":"","background-repeat":"repeat","background-position":"center center","background-size":"auto","background-attachment":"scroll","background-type":"","background-media":"","overlay-type":"","overlay-color":"","overlay-opacity":"","overlay-gradient":""},"tablet":{"background-color":"","background-image":"","background-repeat":"repeat","background-position":"center center","background-size":"auto","background-attachment":"scroll","background-type":"","background-media":"","overlay-type":"","overlay-color":"","overlay-opacity":"","overlay-gradient":""},"mobile":{"background-color":"","background-image":"","background-repeat":"repeat","background-position":"center center","background-size":"auto","background-attachment":"scroll","background-type":"","background-media":"","overlay-type":"","overlay-color":"","overlay-opacity":"","overlay-gradient":""}},"ast-content-background-meta":{"desktop":{"background-color":"var(--ast-global-color-5)","background-image":"","background-repeat":"repeat","background-position":"center center","background-size":"auto","background-attachment":"scroll","background-type":"","background-media":"","overlay-type":"","overlay-color":"","overlay-opacity":"","overlay-gradient":""},"tablet":{"background-color":"var(--ast-global-color-5)","background-image":"","background-repeat":"repeat","background-position":"center center","background-size":"auto","background-attachment":"scroll","background-type":"","background-media":"","overlay-type":"","overlay-color":"","overlay-opacity":"","overlay-gradient":""},"mobile":{"background-color":"var(--ast-global-color-5)","background-image":"","background-repeat":"repeat","background-position":"center center","background-size":"auto","background-attachment":"scroll","background-type":"","background-media":"","overlay-type":"","overlay-color":"","overlay-opacity":"","overlay-gradient":""}},"footnotes":""},"class_list":["post-7697","page","type-page","status-publish","hentry"],"_links":{"self":[{"href":"https:\/\/sotecnisol-power.pt\/index.php\/wp-json\/wp\/v2\/pages\/7697","targetHints":{"allow":["GET"]}}],"collection":[{"href":"https:\/\/sotecnisol-power.pt\/index.php\/wp-json\/wp\/v2\/pages"}],"about":[{"href":"https:\/\/sotecnisol-power.pt\/index.php\/wp-json\/wp\/v2\/types\/page"}],"author":[{"embeddable":true,"href":"https:\/\/sotecnisol-power.pt\/index.php\/wp-json\/wp\/v2\/users\/3"}],"replies":[{"embeddable":true,"href":"https:\/\/sotecnisol-power.pt\/index.php\/wp-json\/wp\/v2\/comments?post=7697"}],"version-history":[{"count":4,"href":"https:\/\/sotecnisol-power.pt\/index.php\/wp-json\/wp\/v2\/pages\/7697\/revisions"}],"predecessor-version":[{"id":7703,"href":"https:\/\/sotecnisol-power.pt\/index.php\/wp-json\/wp\/v2\/pages\/7697\/revisions\/7703"}],"wp:attachment":[{"href":"https:\/\/sotecnisol-power.pt\/index.php\/wp-json\/wp\/v2\/media?parent=7697"}],"curies":[{"name":"wp","href":"https:\/\/api.w.org\/{rel}","templated":true}]}}