{"id":7683,"date":"2021-06-02T10:58:34","date_gmt":"2021-06-02T10:58:34","guid":{"rendered":"https:\/\/power-water.pt\/?page_id=7683"},"modified":"2021-06-02T11:04:19","modified_gmt":"2021-06-02T11:04:19","slug":"politica-de-cookies","status":"publish","type":"page","link":"https:\/\/sotecnisol-power.pt\/index.php\/politica-de-cookies\/","title":{"rendered":"Pol\u00edtica de Cookies"},"content":{"rendered":"\t\t<div data-elementor-type=\"wp-page\" data-elementor-id=\"7683\" class=\"elementor elementor-7683\" data-elementor-post-type=\"page\">\n\t\t\t\t\t\t<section class=\"elementor-section elementor-top-section elementor-element elementor-element-e73aec9 elementor-section-boxed elementor-section-height-default elementor-section-height-default\" data-id=\"e73aec9\" data-element_type=\"section\" data-e-type=\"section\">\n\t\t\t\t\t\t<div class=\"elementor-container elementor-column-gap-default\">\n\t\t\t\t\t<div class=\"elementor-column elementor-col-100 elementor-top-column elementor-element elementor-element-7591992\" data-id=\"7591992\" data-element_type=\"column\" data-e-type=\"column\">\n\t\t\t<div class=\"elementor-widget-wrap elementor-element-populated\">\n\t\t\t\t\t\t<div class=\"elementor-element elementor-element-3ce3ed5 elementor-widget elementor-widget-text-editor\" data-id=\"3ce3ed5\" data-element_type=\"widget\" data-e-type=\"widget\" data-widget_type=\"text-editor.default\">\n\t\t\t\t<div class=\"elementor-widget-container\">\n\t\t\t\t\t\t\t\t\t<p>Termos &amp; Condi\u00e7\u00f5es<\/p><p>1. Informa\u00e7\u00f5es Gerais<\/p><p>A utiliza\u00e7\u00e3o deste Website ser\u00e1 regulada pelos presentes Termos e Condi\u00e7\u00f5es de uso, implicando a sua utiliza\u00e7\u00e3o uma aceita\u00e7\u00e3o dos mesmos pelo Utilizador. Caso o Utilizador rejeite os presentes Termos e Condi\u00e7\u00f5es de uso, deve cessar de imediato a utiliza\u00e7\u00e3o do mesmo.<\/p><p>A Power &amp; Water poder\u00e1 alterar ou atualizar sem pr\u00e9-aviso, no todo ou em parte, os presentes Termos e Condi\u00e7\u00f5es de uso, bem como a Pol\u00edtica de Prote\u00e7\u00e3o de Dados e Privacidade, entrando quaisquer altera\u00e7\u00f5es ou atualiza\u00e7\u00f5es em vigor logo que publicados na respetiva sec\u00e7\u00e3o do Website. Os utilizadores s\u00e3o aconselhados a consultar regularmente as sec\u00e7\u00f5es dos Termos e Condi\u00e7\u00f5es de uso e da Pol\u00edtica de Prote\u00e7\u00e3o de Dados e de Privacidade para verificarem as vers\u00f5es mais atualizadas.<\/p><p>O acesso e a utiliza\u00e7\u00e3o do Website s\u00e3o disponibilizados exclusivamente para utiliza\u00e7\u00e3o pessoal. A\u00a0<span style=\"font-size: 15px; font-style: normal; font-weight: 400;\">Power &amp; Water\u00a0<\/span>\u00a0reserva o direito de avaliar discricionariamente o cumprimento dos presentes Termos e Condi\u00e7\u00f5es de uso por parte do Utilizador. A viola\u00e7\u00e3o dos Termos e Condi\u00e7\u00f5es de uso poder\u00e1 implicar a retirada da autoriza\u00e7\u00e3o de utiliza\u00e7\u00e3o concedida pela\u00a0<span style=\"font-size: 15px; font-style: normal; font-weight: 400;\">Power &amp; Water\u00a0<\/span>, nos termos aqui previstos e, bem assim, o exerc\u00edcio dos seus direitos na m\u00e1xima extens\u00e3o permitida por lei.<\/p><p>O Utilizador compromete-se a indemnizar e a exonerar a\u00a0<span style=\"font-size: 15px; font-style: normal; font-weight: 400;\">Power &amp; Water\u00a0<\/span>, bem como os seus legais representantes, parceiros e colaboradores, de quaisquer danos, responsabilidades, reclama\u00e7\u00f5es ou pedidos de compensa\u00e7\u00e3o, incluindo despesas e custos de representa\u00e7\u00e3o, peticionadas por terceiros em consequ\u00eancia da utiliza\u00e7\u00e3o do Website em termos desconformes com os presentes Termos e Condi\u00e7\u00f5es de uso, e\/ou em virtude da viola\u00e7\u00e3o das condi\u00e7\u00f5es previstas nos mesmos, e\/ou resultantes do incumprimento das declara\u00e7\u00f5es e garantias constantes dos presentes Termos e Condi\u00e7\u00f5es de uso.<\/p><p>2. Autoriza\u00e7\u00e3o de Uso<br \/>Sem preju\u00edzo do constante nas demais cl\u00e1usulas dos presentes Termos e Condi\u00e7\u00f5es de uso, a\u00a0<span style=\"font-size: 15px; font-style: normal; font-weight: 400;\">Power &amp; Water\u00a0<\/span>autoriza qualquer Utilizador a utilizar este Website apenas para fins pessoais ou informativos, conforme previsto nos presentes Termos e Condi\u00e7\u00f5es. A autoriza\u00e7\u00e3o de utiliza\u00e7\u00e3o poder\u00e1 ser revogada pela\u00a0<span style=\"font-size: 15px; font-style: normal; font-weight: 400;\">Power &amp; Water\u00a0<\/span>\u00a0discricionariamente e em qualquer momento. Nos termos da lei e dos presentes Termos e Condi\u00e7\u00f5es, o Utilizador n\u00e3o poder\u00e1 copiar, utilizar, transferir, alugar, sublicenciar, alterar, adaptar, tentar modificar ou alterar o c\u00f3digo fonte, efetuar opera\u00e7\u00f5es de engenharia reversa, descompilar ou desmontar, no todo ou em parte, o conte\u00fado do Website. Ao aceder ao Website, o Utilizador reconhece e aceita que o conte\u00fado do mesmo poder\u00e1 estar incompleto, impreciso, n\u00e3o atualizado, ou que poder\u00e1 n\u00e3o satisfazer as suas necessidades e requisitos.<\/p><p>3. Conte\u00fado e Limita\u00e7\u00e3o de Responsabilidade<\/p><p>O acesso e utiliza\u00e7\u00e3o do Website constituem atividades executadas pelo Utilizador.<\/p><p>O Utilizador \u00e9 o \u00fanico e exclusivo respons\u00e1vel pela utiliza\u00e7\u00e3o do Website e dos seus conte\u00fados.<\/p><p>A\u00a0<span style=\"font-size: 15px; font-style: normal; font-weight: 400;\">Power &amp; Water\u00a0<\/span>\u00a0n\u00e3o \u00e9 respons\u00e1vel, nem assume qualquer responsabilidade pela utiliza\u00e7\u00e3o do Website em termos n\u00e3o conformes \u00e0s disposi\u00e7\u00f5es legais em vigor por parte do Utilizador.<\/p><p>Em concreto, o Utilizador \u00e9 o \u00fanico respons\u00e1vel pela comunica\u00e7\u00e3o de informa\u00e7\u00e3o ou dados incorretos, falsos, ou de terceiros, sem o seu consentimento, bem como pela utiliza\u00e7\u00e3o incorreta dos mesmos.<\/p><p>Os conte\u00fados do Website podem conter incorre\u00e7\u00f5es ou gralhas. A\u00a0<span style=\"font-size: 15px; font-style: normal; font-weight: 400;\">Power &amp; Water\u00a0<\/span>\u00a0n\u00e3o \u00e9 respons\u00e1vel, nem poder\u00e1 ser responsabilizada, por qualquer meio ou modo, pelas incorre\u00e7\u00f5es e erros, eventuais danos causados ou resultantes da utiliza\u00e7\u00e3o de informa\u00e7\u00e3o derivada do Website ou atrav\u00e9s do Website por parte do Utilizador. O Utilizador \u00e9 o \u00fanico e exclusivo respons\u00e1vel pela avalia\u00e7\u00e3o da informa\u00e7\u00e3o e conte\u00fados obtidos atrav\u00e9s do Website.<\/p><p>O Website e toda a informa\u00e7\u00e3o e conte\u00fados publicados no mesmo podem ser alterados pela\u00a0<span style=\"font-size: 15px; font-style: normal; font-weight: 400;\">Power &amp; Water\u00a0<\/span>\u00a0a qualquer momento, periodicamente e\/ou sem aviso pr\u00e9vio.<\/p><p>Considerando que quaisquer conte\u00fados que venham a ser descarregados ou por outro meio obtidos, resultam de decis\u00e3o livre do Utilizador e s\u00e3o efetuados por sua conta e risco, qualquer responsabilidade por danos aos computadores ou quaisquer outros dispositivos eletr\u00f3nicos ou perdas de dados resultantes de opera\u00e7\u00f5es de descarregamento efetuadas pelo Utilizador, ser\u00e3o da exclusiva responsabilidade do Utilizador e n\u00e3o poder\u00e3o ser imputados \u00e0\u00a0<span style=\"font-size: 15px; font-style: normal; font-weight: 400;\">Power &amp; Water\u00a0<\/span>. A\u00a0<span style=\"font-size: 15px; font-style: normal; font-weight: 400;\">Power &amp; Water\u00a0<\/span>\u00a0n\u00e3o assume qualquer responsabilidade por danos resultantes da impossibilidade de acesso aos servi\u00e7os disponibilizados atrav\u00e9s do Website ou por danos causados por v\u00edrus, ficheiros danificados, erros, omiss\u00f5es, interrup\u00e7\u00f5es do servi\u00e7o, cancelamento de conte\u00fados, quest\u00f5es relacionadas com a Internet, prestadores de servi\u00e7os ou com a liga\u00e7\u00e3o telef\u00f3nica e\/ou telem\u00e1tica, acessos n\u00e3o autorizados, altera\u00e7\u00f5es de dados, ou relacionados com a inexist\u00eancia e\/ou deficiente funcionamento de dispositivos eletr\u00f3nicos do Utilizador.<\/p><p>O Utilizador \u00e9 respons\u00e1vel pela guarda e correta utiliza\u00e7\u00e3o da sua informa\u00e7\u00e3o pessoal, bem como respons\u00e1vel por qualquer dano ou preju\u00edzo causado \u00e0\u00a0<span style=\"font-size: 15px; font-style: normal; font-weight: 400;\">Power &amp; Water\u00a0<\/span>\u00a0ou a terceiras partes, resultante da utiliza\u00e7\u00e3o incorreta, perda ou furto da informa\u00e7\u00e3o pessoal.<\/p><p>A\u00a0<span style=\"font-size: 15px; font-style: normal; font-weight: 400;\">Power &amp; Water\u00a0<\/span>\u00a0adotou as medidas t\u00e9cnicas e organizativas adequadas a salvaguardar a seguran\u00e7a das funcionalidades disponibilizadas atrav\u00e9s do Website, assegurar a integridade dos dados de tr\u00e1fego eletr\u00f3nico relacionados com as formas de utiliza\u00e7\u00e3o ou conhecimento n\u00e3o autorizadas, bem como para evitar riscos de dissemina\u00e7\u00e3o, destrui\u00e7\u00e3o ou perda de dados e informa\u00e7\u00e3o confidencial ou n\u00e3o confidencial do Utilizador, constantes do Website, ou relacionados com o acesso \u2013 n\u00e3o autorizado ou em incumprimento das disposi\u00e7\u00f5es legais aplic\u00e1veis \u2013 aos referidos dados pessoais e informa\u00e7\u00e3o.<\/p><p>A\u00a0<span style=\"font-size: 15px; font-style: normal; font-weight: 400;\">Power &amp; Water\u00a0<\/span>\u00a0n\u00e3o garante, nem poder\u00e1 garantir que o Website esteja livre de v\u00edrus ou de qualquer outro elemento que possa afetar negativamente a sua utiliza\u00e7\u00e3o.<\/p><p>4. Acesso ao Website, Interrup\u00e7\u00e3o e Suspens\u00e3o<\/p><p>A\u00a0<span style=\"font-size: 15px; font-style: normal; font-weight: 400;\">Power &amp; Water\u00a0<\/span>\u00a0envida os seus melhores esfor\u00e7os para disponibilizar o acesso cont\u00ednuo ao Website, contudo, o referido acesso poder\u00e1 ser suspenso, limitado ou interrompido a qualquer momento independentemente do motivo.<\/p><p>O acesso ao Website poder\u00e1 ser limitado ocasionalmente para permitir a recupera\u00e7\u00e3o, manuten\u00e7\u00e3o ou introdu\u00e7\u00e3o de novas funcionalidades ou servi\u00e7os.<\/p><p>O acesso ao Website poder\u00e1, ainda, ser interrompido em casos de \u201cFor\u00e7a Maior\u201d considerados como qualquer causa que perturbe o desempenho do Website e que tenha qualquer tipo de impacto no cumprimento das nossas obriga\u00e7\u00f5es decorrentes de ou atribu\u00edveis a atos, eventos, omiss\u00f5es ou acidentes al\u00e9m de nosso controlo razo\u00e1vel e, em particular, mas sem limitar, dever\u00e1 incluir greves, a\u00e7\u00e3o terrorista, invas\u00e3o, guerra, amea\u00e7a ou prepara\u00e7\u00e3o para guerra, inc\u00eandio, falha t\u00e9cnica de energia, software, hardware ou telecomunica\u00e7\u00e3o ou outras falhas de rede, interrup\u00e7\u00f5es, interrup\u00e7\u00f5es ou avarias, explos\u00f5es, tempestades, inunda\u00e7\u00f5es, terramotos, epidemia ou outro desastre natural, qualquer legisla\u00e7\u00e3o, regulamento, regra ou decis\u00e3o de um Estado ou tribunal.<\/p><p>Em qualquer caso, a\u00a0<span style=\"font-size: 15px; font-style: normal; font-weight: 400;\">Power &amp; Water\u00a0<\/span>\u00a0envidar\u00e1 os melhores esfor\u00e7os para recuperar o acesso com a maior brevidade poss\u00edvel. A\u00a0<span style=\"font-size: 15px; font-style: normal; font-weight: 400;\">Power &amp; Water\u00a0<\/span>\u00a0reserva o direito de bloquear o acesso a qualquer material e\/ou remover qual material que possa, no seu entendimento discricion\u00e1rio, provocar a viola\u00e7\u00e3o dos presentes Termos e Condi\u00e7\u00f5es.<\/p><p>5. Prote\u00e7\u00e3o de Dados Pessoais<\/p><p>O Utilizador deve ler e analisar a Pol\u00edtica de Prote\u00e7\u00e3o de Dados e Privacidade e a Pol\u00edtica de Cookies aplic\u00e1vel ao Website, de modo a compreender como s\u00e3o recolhidos e utilizados os dados pessoais do Utilizador, de acordo com o disposto e nos termos da legisla\u00e7\u00e3o aplic\u00e1vel em mat\u00e9ria de prote\u00e7\u00e3o de dados pessoais.<\/p><p>O Utilizador sempre que utilizar funcionalidades mediante Hyperlinks ou Outros Websites, tal como designados no Ponto 7, \u00e9 aconselhado pela\u00a0<span style=\"font-size: 15px; font-style: normal; font-weight: 400;\">Power &amp; Water\u00a0<\/span>\u00a0a proceder \u00e0 leitura dos respetivos termos e condi\u00e7\u00f5es e pol\u00edticas de privacidade antes de aceder, registar e\/ou iniciar sess\u00e3o a tais Hyperlinks ou Outros Websites, uma vez que a sua regula\u00e7\u00e3o ser\u00e1 aut\u00f3noma ao presente Website.<\/p><p>6. Direitos de Propriedade Intelectual<\/p><p>Todos os direitos s\u00e3o reservados. O Website e todos os seus conte\u00fados, incluindo sem limitar, artigos, opini\u00f5es, outros textos, listas, manuais de utiliza\u00e7\u00e3o, fotografias, desenhos, imagens, clips v\u00eddeos ou \u00e1udio ou textos de marketing, bem como marcas, log\u00f3tipos, nomes de dom\u00ednio, e quaisquer outros elementos que possam ser abrangidos por direitos de propriedade (incluindo os c\u00f3digos fonte) e\/ou outras modalidades de direitos de propriedade intelectual (doravante \u201cMaterial\u201d) s\u00e3o propriedade da\u00a0<span style=\"font-size: 15px; font-style: normal; font-weight: 400;\">Power &amp; Water\u00a0<\/span>\u00a0ou de terceiros e est\u00e3o protegidos contra a utiliza\u00e7\u00e3o, a c\u00f3pia ou a divulga\u00e7\u00e3o n\u00e3o autorizada pelas leis nacionais e tratados internacionais relativos aos direitos de propriedade intelectual.<\/p><p>Nenhum das disposi\u00e7\u00f5es dos Termos e Condi\u00e7\u00f5es e\/ou dos conte\u00fados constantes do Website poder\u00e3o ser interpretados como implicitamente conferindo, aceitando ou por qualquer meio licenciado o direito de utiliza\u00e7\u00e3o de qualquer Material por qualquer meio, sem o pr\u00e9vio consentimento escrito da\u00a0<span style=\"font-size: 15px; font-style: normal; font-weight: 400; color: var( --e-global-color-text ); font-family: var( --e-global-typography-text-font-family ), Sans-serif;\">Power &amp; Water<\/span><span style=\"font-size: 15px; color: var( --e-global-color-text ); font-family: var( --e-global-typography-text-font-family ), Sans-serif;\">\u00a0ou do terceiro propriet\u00e1rio do Material ou dos direitos de propriedade intelectual publicados no Website.<\/span><\/p><p>A utiliza\u00e7\u00e3o, c\u00f3pia, reprodu\u00e7\u00e3o, altera\u00e7\u00e3o, republica\u00e7\u00e3o, atualiza\u00e7\u00e3o, descarregamento, envio por e-mail, transmiss\u00e3o, distribui\u00e7\u00e3o ou duplica\u00e7\u00e3o, ou qualquer outro ato abusivo do Material n\u00e3o especificamente identificado, mas de id\u00eantica natureza, s\u00e3o proibidos.<\/p><p>Na qualidade de Utilizador do Website, o Utilizador compromete-se a n\u00e3o utilizar o Material para fins ilegais e a n\u00e3o violar os direitos da\u00a0<span style=\"font-size: 15px; font-style: normal; font-weight: 400;\">Power &amp; Water<\/span>.<\/p><p>O Utilizador poder\u00e1, contudo, visualizar e exibir o conte\u00fado do Website e\/ou o Material no ecr\u00e3 de um computador ou outro dispositivo eletr\u00f3nico e armazenar tal conte\u00fado em formato eletr\u00f3nico no disco (mas n\u00e3o num servidor nem num dispositivo de mem\u00f3ria conectado \u00e0 Internet) ou imprimir uma c\u00f3pia de tais conte\u00fados para sua utiliza\u00e7\u00e3o pessoal e n\u00e3o comercial, devendo contudo manter todas as informa\u00e7\u00f5es relacionadas com os direitos de propriedade intelectual.<\/p><p>O acesso ao Website n\u00e3o confere ao Utilizador qualquer direito sobre os conte\u00fados disponibilizados pela\u00a0<span style=\"font-size: 15px; font-style: normal; font-weight: 400;\">Power &amp; Water<\/span>.<\/p><p>7. Hyperlinks para Outros Websites<\/p><p>Caso o Website disponibilize liga\u00e7\u00f5es (\u201cHyperlinks\u201d) para Websites de terceiros ou para conte\u00fados disponibilizados por terceiros (\u201cOutros Websites\u201d), a\u00a0<span style=\"font-size: 15px; font-style: normal; font-weight: 400;\">Power &amp; Water<\/span>\u00a0pelo presente informa que a disponibiliza\u00e7\u00e3o de liga\u00e7\u00f5es a tais Outros Websites s\u00e3o inclu\u00eddas apenas para fins exclusivamente informativos e para conveni\u00eancia do Utilizador.\u00a0<span style=\"font-size: 15px; font-style: normal; font-weight: 400;\">Power &amp; Water<\/span>\u00a0n\u00e3o controla os Outros Websites e, por isso, n\u00e3o se responsabiliza por tais Outros Websites ou pelos conte\u00fados ou produtos que os Outros Websites (incluindo sem limitar, a refer\u00eancia a redes sociais) e n\u00e3o se responsabiliza por quaisquer danos ou preju\u00edzos que possam resultar da utiliza\u00e7\u00e3o dos Outros Websites pelo Utilizador, bem como quanto ao tratamento de dados pessoais. O acesso a qualquer Outro Website, mediante uma liga\u00e7\u00e3o existente no Website da\u00a0\u00a0<span style=\"font-size: 15px; font-style: normal; font-weight: 400;\">Power &amp; Water<\/span>, ser\u00e1 efetuado por exclusiva responsabilidade e risco do Utilizador.<\/p><p>O Utilizador dever\u00e1, assim, prestar particular aten\u00e7\u00e3o quando se conecte a Outros Websites atrav\u00e9s de liga\u00e7\u00f5es existentes no Website da\u00a0<span style=\"font-size: 15px; font-style: normal; font-weight: 400;\">Power &amp; Water<\/span>\u00a0e ler com aten\u00e7\u00e3o os respetivos termos e condi\u00e7\u00f5es e pol\u00edticas de privacidade.<\/p><p>8. Declara\u00e7\u00f5es e Garantias do Utilizador<\/p><p>O Utilizador reconhece e declara que:<\/p><p>leu e compreendeu os presentes Termos e Condi\u00e7\u00f5es;<br \/>se abster\u00e1 de reproduzir, duplicar, copiar, vender, revender ou por qualquer meio explorar comercialmente o Website ou os seus conte\u00fados, ou parte dos mesmos, bem como se abster\u00e1 de utilizar ou reproduzir as marcas ou quaisquer direitos de propriedade intelectual da\u00a0<span style=\"font-size: 15px; font-style: normal; font-weight: 400;\">Power &amp; Water<\/span>;<\/p><p>n\u00e3o publicar\u00e1 ou utilizar\u00e1 informa\u00e7\u00e3o falsa, injuriosa ou difamat\u00f3ria;<br \/>se abster\u00e1 de utilizar, direta ou indiretamente, os servi\u00e7os ou o Website para fins contr\u00e1rios \u00e0 lei ou desconforme aos presentes Termos e Condi\u00e7\u00f5es;<br \/>n\u00e3o propagar\u00e1 v\u00edrus, spyware, adware, rootkit, backdoor ou v\u00edrus Trojan ou outras amea\u00e7as inform\u00e1ticas similares;<br \/>n\u00e3o utilizar\u00e1 software ou outros mecanismos autom\u00e1ticos ou manuais para copiar ou aceder ao controlo do Website ou do seu conte\u00fado.<\/p><p>9. Disposi\u00e7\u00f5es Diversas<\/p><p>A nulidade de alguma das disposi\u00e7\u00f5es constantes nos presentes Termos e Condi\u00e7\u00f5es ter-se-\u00e1 por n\u00e3o escrita, permanecendo as restantes disposi\u00e7\u00f5es integralmente em vigor e produzindo todos os seus efeitos.<\/p><p>Os presentes Termos e Condi\u00e7\u00f5es reger-se-\u00e3o pelo direito portugu\u00eas e ser\u00e3o interpretados de acordo com a lei portuguesa. Qualquer lit\u00edgio emergente destes Termos e Condi\u00e7\u00f5es ou relacionado com os mesmos, na falta de acordo amig\u00e1vel e negociado entre as partes, ser\u00e1 dirimido pelos Tribunais Judiciais de Lisboa, com expressa ren\u00fancia a quaisquer outros.<\/p>\t\t\t\t\t\t\t\t<\/div>\n\t\t\t\t<\/div>\n\t\t\t\t\t<\/div>\n\t\t<\/div>\n\t\t\t\t\t<\/div>\n\t\t<\/section>\n\t\t\t\t<\/div>\n\t\t","protected":false},"excerpt":{"rendered":"<p>Termos &amp; Condi\u00e7\u00f5es 1. Informa\u00e7\u00f5es Gerais A utiliza\u00e7\u00e3o deste Website ser\u00e1 regulada pelos presentes Termos e Condi\u00e7\u00f5es de uso, implicando a sua utiliza\u00e7\u00e3o uma aceita\u00e7\u00e3o dos mesmos pelo Utilizador. Caso o Utilizador rejeite os presentes Termos e Condi\u00e7\u00f5es de uso, deve cessar de imediato a utiliza\u00e7\u00e3o do mesmo. A Power &amp; Water poder\u00e1 alterar ou [&hellip;]<\/p>\n","protected":false},"author":3,"featured_media":0,"parent":0,"menu_order":0,"comment_status":"closed","ping_status":"closed","template":"","meta":{"_seopress_robots_primary_cat":"","_seopress_titles_title":"","_seopress_titles_desc":"","_seopress_robots_index":"","_monsterinsights_skip_tracking":false,"_monsterinsights_sitenote_active":false,"_monsterinsights_sitenote_note":"","_monsterinsights_sitenote_category":0,"site-sidebar-layout":"no-sidebar","site-content-layout":"page-builder","ast-site-content-layout":"default","site-content-style":"default","site-sidebar-style":"default","ast-global-header-display":"","ast-banner-title-visibility":"","ast-main-header-display":"disabled","ast-hfb-above-header-display":"","ast-hfb-below-header-display":"","ast-hfb-mobile-header-display":"disabled","site-post-title":"disabled","ast-breadcrumbs-content":"disabled","ast-featured-img":"disabled","footer-sml-layout":"","ast-disable-related-posts":"","theme-transparent-header-meta":"default","adv-header-id-meta":"","stick-header-meta":"","header-above-stick-meta":"","header-main-stick-meta":"","header-below-stick-meta":"","astra-migrate-meta-layouts":"default","ast-page-background-enabled":"default","ast-page-background-meta":{"desktop":{"background-color":"","background-image":"","background-repeat":"repeat","background-position":"center center","background-size":"auto","background-attachment":"scroll","background-type":"","background-media":"","overlay-type":"","overlay-color":"","overlay-opacity":"","overlay-gradient":""},"tablet":{"background-color":"","background-image":"","background-repeat":"repeat","background-position":"center center","background-size":"auto","background-attachment":"scroll","background-type":"","background-media":"","overlay-type":"","overlay-color":"","overlay-opacity":"","overlay-gradient":""},"mobile":{"background-color":"","background-image":"","background-repeat":"repeat","background-position":"center center","background-size":"auto","background-attachment":"scroll","background-type":"","background-media":"","overlay-type":"","overlay-color":"","overlay-opacity":"","overlay-gradient":""}},"ast-content-background-meta":{"desktop":{"background-color":"var(--ast-global-color-5)","background-image":"","background-repeat":"repeat","background-position":"center center","background-size":"auto","background-attachment":"scroll","background-type":"","background-media":"","overlay-type":"","overlay-color":"","overlay-opacity":"","overlay-gradient":""},"tablet":{"background-color":"var(--ast-global-color-5)","background-image":"","background-repeat":"repeat","background-position":"center center","background-size":"auto","background-attachment":"scroll","background-type":"","background-media":"","overlay-type":"","overlay-color":"","overlay-opacity":"","overlay-gradient":""},"mobile":{"background-color":"var(--ast-global-color-5)","background-image":"","background-repeat":"repeat","background-position":"center center","background-size":"auto","background-attachment":"scroll","background-type":"","background-media":"","overlay-type":"","overlay-color":"","overlay-opacity":"","overlay-gradient":""}},"footnotes":""},"class_list":["post-7683","page","type-page","status-publish","hentry"],"_links":{"self":[{"href":"https:\/\/sotecnisol-power.pt\/index.php\/wp-json\/wp\/v2\/pages\/7683","targetHints":{"allow":["GET"]}}],"collection":[{"href":"https:\/\/sotecnisol-power.pt\/index.php\/wp-json\/wp\/v2\/pages"}],"about":[{"href":"https:\/\/sotecnisol-power.pt\/index.php\/wp-json\/wp\/v2\/types\/page"}],"author":[{"embeddable":true,"href":"https:\/\/sotecnisol-power.pt\/index.php\/wp-json\/wp\/v2\/users\/3"}],"replies":[{"embeddable":true,"href":"https:\/\/sotecnisol-power.pt\/index.php\/wp-json\/wp\/v2\/comments?post=7683"}],"version-history":[{"count":7,"href":"https:\/\/sotecnisol-power.pt\/index.php\/wp-json\/wp\/v2\/pages\/7683\/revisions"}],"predecessor-version":[{"id":7690,"href":"https:\/\/sotecnisol-power.pt\/index.php\/wp-json\/wp\/v2\/pages\/7683\/revisions\/7690"}],"wp:attachment":[{"href":"https:\/\/sotecnisol-power.pt\/index.php\/wp-json\/wp\/v2\/media?parent=7683"}],"curies":[{"name":"wp","href":"https:\/\/api.w.org\/{rel}","templated":true}]}}