{"id":12183,"date":"2022-12-02T11:33:20","date_gmt":"2022-12-02T11:33:20","guid":{"rendered":"https:\/\/power-water.pt\/?page_id=12183"},"modified":"2022-12-02T11:34:04","modified_gmt":"2022-12-02T11:34:04","slug":"ctt-expresso-continuam-a-apostar-em-energia-solar-fotovoltaica-2","status":"publish","type":"page","link":"https:\/\/sotecnisol-power.pt\/index.php\/ctt-expresso-continuam-a-apostar-em-energia-solar-fotovoltaica-2\/","title":{"rendered":"CTT Expresso continuam a apostar em energia solar fotovoltaica!"},"content":{"rendered":"<p><span class=\"s1\">A CTT Expresso, empresa do segmento de Expresso e Encomendas do Grupo CTT, continuam a apostar em energia solar fotovoltaica. Recentemente, a empresa adjudicou \u00e0 Capital Eficiente, com execu\u00e7\u00e3o da Sotecnisol Power &amp; Water, a execu\u00e7\u00e3o de uma central solar fotovoltaica para autoconsumo (UPAC), nas suas instala\u00e7\u00f5es do Mercado Abastecedor da Regi\u00e3o de Lisboa (MARL).<\/span><\/p>\n<p>Leia o resto do artigo\u00a0<a href=\"https:\/\/construir.pt\/2021\/01\/31\/sotecnisol-instala-nova-central-solar-dos-ctt-expresso-no-marl\/?fbclid=IwAR0uHByguGh8CakEO_SoYEug0uP_Ju_ZtHGfF65dmCuX4t7l6Ax24oDtl94\" target=\"_blank\" rel=\"noopener\">aqui<\/a>.<\/p>\n","protected":false},"excerpt":{"rendered":"<p>A CTT Expresso, empresa do segmento de Expresso e Encomendas do Grupo CTT, continuam a apostar em energia solar fotovoltaica. Recentemente, a empresa adjudicou \u00e0 Capital Eficiente, com execu\u00e7\u00e3o da Sotecnisol Power &amp; Water, a execu\u00e7\u00e3o de uma central solar fotovoltaica para autoconsumo (UPAC), nas suas instala\u00e7\u00f5es do Mercado Abastecedor da Regi\u00e3o de Lisboa (MARL). [&hellip;]<\/p>\n","protected":false},"author":4,"featured_media":12181,"parent":0,"menu_order":0,"comment_status":"closed","ping_status":"closed","template":"","meta":{"_seopress_robots_primary_cat":"","_seopress_titles_title":"","_seopress_titles_desc":"","_seopress_robots_index":"","_monsterinsights_skip_tracking":false,"_monsterinsights_sitenote_active":false,"_monsterinsights_sitenote_note":"","_monsterinsights_sitenote_category":0,"site-sidebar-layout":"default","site-content-layout":"default","ast-site-content-layout":"default","site-content-style":"default","site-sidebar-style":"default","ast-global-header-display":"","ast-banner-title-visibility":"","ast-main-header-display":"","ast-hfb-above-header-display":"","ast-hfb-below-header-display":"","ast-hfb-mobile-header-display":"","site-post-title":"","ast-breadcrumbs-content":"","ast-featured-img":"","footer-sml-layout":"","ast-disable-related-posts":"","theme-transparent-header-meta":"default","adv-header-id-meta":"","stick-header-meta":"","header-above-stick-meta":"","header-main-stick-meta":"","header-below-stick-meta":"","astra-migrate-meta-layouts":"default","ast-page-background-enabled":"default","ast-page-background-meta":{"desktop":{"background-color":"","background-image":"","background-repeat":"repeat","background-position":"center center","background-size":"auto","background-attachment":"scroll","background-type":"","background-media":"","overlay-type":"","overlay-color":"","overlay-opacity":"","overlay-gradient":""},"tablet":{"background-color":"","background-image":"","background-repeat":"repeat","background-position":"center center","background-size":"auto","background-attachment":"scroll","background-type":"","background-media":"","overlay-type":"","overlay-color":"","overlay-opacity":"","overlay-gradient":""},"mobile":{"background-color":"","background-image":"","background-repeat":"repeat","background-position":"center center","background-size":"auto","background-attachment":"scroll","background-type":"","background-media":"","overlay-type":"","overlay-color":"","overlay-opacity":"","overlay-gradient":""}},"ast-content-background-meta":{"desktop":{"background-color":"var(--ast-global-color-5)","background-image":"","background-repeat":"repeat","background-position":"center center","background-size":"auto","background-attachment":"scroll","background-type":"","background-media":"","overlay-type":"","overlay-color":"","overlay-opacity":"","overlay-gradient":""},"tablet":{"background-color":"var(--ast-global-color-5)","background-image":"","background-repeat":"repeat","background-position":"center center","background-size":"auto","background-attachment":"scroll","background-type":"","background-media":"","overlay-type":"","overlay-color":"","overlay-opacity":"","overlay-gradient":""},"mobile":{"background-color":"var(--ast-global-color-5)","background-image":"","background-repeat":"repeat","background-position":"center center","background-size":"auto","background-attachment":"scroll","background-type":"","background-media":"","overlay-type":"","overlay-color":"","overlay-opacity":"","overlay-gradient":""}},"footnotes":""},"class_list":["post-12183","page","type-page","status-publish","has-post-thumbnail","hentry"],"_links":{"self":[{"href":"https:\/\/sotecnisol-power.pt\/index.php\/wp-json\/wp\/v2\/pages\/12183","targetHints":{"allow":["GET"]}}],"collection":[{"href":"https:\/\/sotecnisol-power.pt\/index.php\/wp-json\/wp\/v2\/pages"}],"about":[{"href":"https:\/\/sotecnisol-power.pt\/index.php\/wp-json\/wp\/v2\/types\/page"}],"author":[{"embeddable":true,"href":"https:\/\/sotecnisol-power.pt\/index.php\/wp-json\/wp\/v2\/users\/4"}],"replies":[{"embeddable":true,"href":"https:\/\/sotecnisol-power.pt\/index.php\/wp-json\/wp\/v2\/comments?post=12183"}],"version-history":[{"count":2,"href":"https:\/\/sotecnisol-power.pt\/index.php\/wp-json\/wp\/v2\/pages\/12183\/revisions"}],"predecessor-version":[{"id":12186,"href":"https:\/\/sotecnisol-power.pt\/index.php\/wp-json\/wp\/v2\/pages\/12183\/revisions\/12186"}],"wp:featuredmedia":[{"embeddable":true,"href":"https:\/\/sotecnisol-power.pt\/index.php\/wp-json\/wp\/v2\/media\/12181"}],"wp:attachment":[{"href":"https:\/\/sotecnisol-power.pt\/index.php\/wp-json\/wp\/v2\/media?parent=12183"}],"curies":[{"name":"wp","href":"https:\/\/api.w.org\/{rel}","templated":true}]}}